{"id":2,"date":"2023-02-15T11:33:02","date_gmt":"2023-02-15T11:33:02","guid":{"rendered":"https:\/\/www.xn--atlejnni-e0a.no\/?page_id=2"},"modified":"2023-02-20T10:39:09","modified_gmt":"2023-02-20T10:39:09","slug":"sample-page","status":"publish","type":"page","link":"https:\/\/www.xn--atlejnni-e0a.no\/?page_id=2","title":{"rendered":"Intro"},"content":{"rendered":"\n<p>Her hos Atle J\u00e5nni h\u00e5per jeg du som kikker innom finner tanker og meninger som gir deg lyst til \u00e5 kommentere og bli med dypere inn i mine tankerekker. Jeg h\u00e5per noe av dette i beste fall kan spore til at du \u00f8nsker \u00e5 delta i en debatt. Kanskje ser du annerledes p\u00e5 ting etter \u00e5 ha lest noe her, eller at du enkelt og greit f\u00e5r bekreftet at det du tenker er likt mitt, eller tvert i mot, du f\u00e5r bare bekreftet at din motsatte mening fremdeles holder stikk.<\/p>\n\n\n\n<p>Det er Atle Wigum sine tanker og meninger, som privatperson, det handler om her p\u00e5 bloggen. Kun som privatperson.<\/p>\n\n\n\n<blockquote class=\"wp-block-quote is-layout-flow wp-block-quote-is-layout-flow\">\n<p>Jeg mener at ytringsfriheten ogs\u00e5 skal brukes til \u00e5 si teite og urimelige ting. \u00c5 kunne komme med ytringer som hele resten av verden er uenig i. Det er bare s\u00e5nn vi kan m\u00e5le ytringsfriheten.<\/p>\n<cite>Knut N\u00e6rum<\/cite><\/blockquote>\n\n\n\n<p>Ytringsfrihet er retten til \u00e5 si sin mening uten \u00e5 bli straffeforfulgt, uten \u00e5 bli utsatt for trusler eller vold. Det vil bli bestrebet \u00e5 ikke publisere meninger, som f\u00e5r andre personer til \u00e5 f\u00f8le seg direkte krenket eller h\u00e5net, samtidig som mange nok kan finne meninger her som vil utfordre og trene evnen til toleranse. Det vil publiseres etter hovedregelen om at beskyldninger mot identifiserbare personer, for straffbare eller andre sterkt kritikkverdige forhold, kun kan gj\u00f8res hvis samme beskyldninger kan dokumenteres (sannsynliggj\u00f8res).<\/p>\n\n\n\n<blockquote class=\"wp-block-quote is-layout-flow wp-block-quote-is-layout-flow\">\n<p>Jeg er uenig i dine meninger, men jeg vil inntil d\u00f8den forsvare din rett til \u00e5 hevde dem.<\/p>\n<cite>Evelyn Beatrice Hall<\/cite><\/blockquote>\n\n\n\n<p>Jeg har satt krav til meg selv om at det skal v\u00e6re meninger som er faktabaserte. S\u00e5 kan tolkninger av fakta, en grunnleggende tanke om \u00e5 kunne se de store linjer og helhetlig p\u00e5 ulike ting, gj\u00f8re sitt til at man ikke kan underbygge alt med fakta til syvende og sist. Men 2+2 skal og vil alltid v\u00e6re 4. Uomtvistlige fakta skal aldri vris p\u00e5, og jeg skal i det meste som er av kritikk i meningene alltid bestrebe \u00e5 v\u00e6re kritisk konstuktiv. Da m\u00e5 min kritikk v\u00e6re spesifikk og den skal alltid ha med seg et forslag til hva jeg selv ville gjort annerledes. <\/p>\n\n\n\n<blockquote class=\"wp-block-quote is-layout-flow wp-block-quote-is-layout-flow\">\n<p>Dersom fakta er annerledes enn hva du trodde, s\u00e5 forhold deg til fakta, og ikke det du trodde. Det er det motsatte av journalister, som aldri lar seg forvirre av fakta om de f\u00f8rst har en god historie.<\/p>\n<cite>Martin M\u00e6land<\/cite><\/blockquote>\n\n\n\n<p>Igjen takk for at du kikket innom. Velkommen tilbake ogs\u00e5 hvis du finner det av interesse.<\/p>\n","protected":false},"excerpt":{"rendered":"<p>Her hos Atle J\u00e5nni h\u00e5per jeg du som kikker innom finner tanker og meninger som gir deg lyst til \u00e5 kommentere og bli med dypere inn i mine tankerekker. Jeg h\u00e5per noe av dette i beste fall kan spore til at du \u00f8nsker \u00e5 delta i en debatt. Kanskje ser du annerledes p\u00e5 ting etter [&hellip;]<\/p>\n","protected":false},"author":1,"featured_media":0,"parent":0,"menu_order":0,"comment_status":"closed","ping_status":"open","template":"","meta":{"footnotes":""},"class_list":["post-2","page","type-page","status-publish","hentry"],"_links":{"self":[{"href":"https:\/\/www.xn--atlejnni-e0a.no\/index.php?rest_route=\/wp\/v2\/pages\/2","targetHints":{"allow":["GET"]}}],"collection":[{"href":"https:\/\/www.xn--atlejnni-e0a.no\/index.php?rest_route=\/wp\/v2\/pages"}],"about":[{"href":"https:\/\/www.xn--atlejnni-e0a.no\/index.php?rest_route=\/wp\/v2\/types\/page"}],"author":[{"embeddable":true,"href":"https:\/\/www.xn--atlejnni-e0a.no\/index.php?rest_route=\/wp\/v2\/users\/1"}],"replies":[{"embeddable":true,"href":"https:\/\/www.xn--atlejnni-e0a.no\/index.php?rest_route=%2Fwp%2Fv2%2Fcomments&post=2"}],"version-history":[{"count":3,"href":"https:\/\/www.xn--atlejnni-e0a.no\/index.php?rest_route=\/wp\/v2\/pages\/2\/revisions"}],"predecessor-version":[{"id":24,"href":"https:\/\/www.xn--atlejnni-e0a.no\/index.php?rest_route=\/wp\/v2\/pages\/2\/revisions\/24"}],"wp:attachment":[{"href":"https:\/\/www.xn--atlejnni-e0a.no\/index.php?rest_route=%2Fwp%2Fv2%2Fmedia&parent=2"}],"curies":[{"name":"wp","href":"https:\/\/api.w.org\/{rel}","templated":true}]}}